{"id":9,"date":"2023-07-24T16:39:48","date_gmt":"2023-07-24T14:39:48","guid":{"rendered":"https:\/\/masmotor.es?page_id=9"},"modified":"2025-05-13T12:17:40","modified_gmt":"2025-05-13T11:17:40","slug":"alquiler-y-suscripcion-de-coches-en-canarias","status":"publish","type":"page","link":"https:\/\/masmotor.es\/en\/","title":{"rendered":"Home"},"content":{"rendered":"<p>Alquiler y suscripci\u00f3n de coches en Canarias<\/p>","protected":false},"excerpt":{"rendered":"<p>Alquiler y suscripci\u00f3n de coches en Canarias<\/p>","protected":false},"author":1,"featured_media":12,"parent":0,"menu_order":0,"comment_status":"closed","ping_status":"closed","template":"","meta":{"footnotes":""},"class_list":["post-9","page","type-page","status-publish","has-post-thumbnail","hentry"],"yoast_head":"<!-- This site is optimized with the Yoast SEO plugin v27.5 - https:\/\/yoast.com\/product\/yoast-seo-wordpress\/ -->\n<title>Alquiler y suscripci\u00f3n de coches en Canarias<\/title>\n<meta name=\"description\" content=\"Alquiler y suscripci\u00f3n de coches en Canarias. Elige fecha y reserva el veh\u00edculo que mejor se adapte a ti en muy pocos pasos o suscr\u00edbete.\" \/>\n<meta name=\"robots\" content=\"index, follow, max-snippet:-1, max-image-preview:large, max-video-preview:-1\" \/>\n<link rel=\"canonical\" href=\"https:\/\/masmotor.es\/en\/\" \/>\n<meta property=\"og:locale\" content=\"en_GB\" \/>\n<meta property=\"og:type\" content=\"article\" \/>\n<meta property=\"og:title\" content=\"Alquiler y suscripci\u00f3n de coches en Canarias\" \/>\n<meta property=\"og:description\" content=\"Alquiler y suscripci\u00f3n de coches en Canarias. Elige fecha y reserva el veh\u00edculo que mejor se adapte a ti en muy pocos pasos o suscr\u00edbete.\" \/>\n<meta property=\"og:url\" content=\"https:\/\/masmotor.es\/en\/\" \/>\n<meta property=\"og:site_name\" content=\"MasMotor\" \/>\n<meta property=\"article:modified_time\" content=\"2025-05-13T11:17:40+00:00\" \/>\n<meta property=\"og:image\" content=\"https:\/\/masmotor.es\/wp-content\/uploads\/logo_masmotor.png\" \/>\n\t<meta property=\"og:image:width\" content=\"250\" \/>\n\t<meta property=\"og:image:height\" content=\"257\" \/>\n\t<meta property=\"og:image:type\" content=\"image\/png\" \/>\n<meta name=\"twitter:card\" content=\"summary_large_image\" \/>\n<meta name=\"twitter:label1\" content=\"Estimated reading time\" \/>\n\t<meta name=\"twitter:data1\" content=\"4 minutes\" \/>\n<script type=\"application\/ld+json\" class=\"yoast-schema-graph\">{\"@context\":\"https:\\\/\\\/schema.org\",\"@graph\":[{\"@type\":\"WebPage\",\"@id\":\"https:\\\/\\\/masmotor.es\\\/\",\"url\":\"https:\\\/\\\/masmotor.es\\\/\",\"name\":\"Alquiler y suscripci\u00f3n de coches en Canarias\",\"isPartOf\":{\"@id\":\"https:\\\/\\\/masmotor.es\\\/#website\"},\"primaryImageOfPage\":{\"@id\":\"https:\\\/\\\/masmotor.es\\\/#primaryimage\"},\"image\":{\"@id\":\"https:\\\/\\\/masmotor.es\\\/#primaryimage\"},\"thumbnailUrl\":\"https:\\\/\\\/masmotor.es\\\/wp-content\\\/uploads\\\/logo_masmotor.png\",\"datePublished\":\"2023-07-24T14:39:48+00:00\",\"dateModified\":\"2025-05-13T11:17:40+00:00\",\"description\":\"Alquiler y suscripci\u00f3n de coches en Canarias. Elige fecha y reserva el veh\u00edculo que mejor se adapte a ti en muy pocos pasos o suscr\u00edbete.\",\"breadcrumb\":{\"@id\":\"https:\\\/\\\/masmotor.es\\\/#breadcrumb\"},\"inLanguage\":\"en-GB\",\"potentialAction\":[{\"@type\":\"ReadAction\",\"target\":[\"https:\\\/\\\/masmotor.es\\\/\"]}]},{\"@type\":\"ImageObject\",\"inLanguage\":\"en-GB\",\"@id\":\"https:\\\/\\\/masmotor.es\\\/#primaryimage\",\"url\":\"https:\\\/\\\/masmotor.es\\\/wp-content\\\/uploads\\\/logo_masmotor.png\",\"contentUrl\":\"https:\\\/\\\/masmotor.es\\\/wp-content\\\/uploads\\\/logo_masmotor.png\",\"width\":250,\"height\":257,\"caption\":\"Alquiler y suscripci\u00f3n de coches en Islas Canarias\"},{\"@type\":\"BreadcrumbList\",\"@id\":\"https:\\\/\\\/masmotor.es\\\/#breadcrumb\",\"itemListElement\":[{\"@type\":\"ListItem\",\"position\":1,\"name\":\"Portada\",\"item\":\"https:\\\/\\\/masmotor.es\\\/\"},{\"@type\":\"ListItem\",\"position\":2,\"name\":\"Inicio\"}]},{\"@type\":\"WebSite\",\"@id\":\"https:\\\/\\\/masmotor.es\\\/#website\",\"url\":\"https:\\\/\\\/masmotor.es\\\/\",\"name\":\"MasMotor\",\"description\":\"Alquiler y suscripci&oacute;n de coches y motos en Canarias\",\"publisher\":{\"@id\":\"https:\\\/\\\/masmotor.es\\\/#organization\"},\"alternateName\":\"MasMotor alquiler de coches y motos\",\"potentialAction\":[{\"@type\":\"SearchAction\",\"target\":{\"@type\":\"EntryPoint\",\"urlTemplate\":\"https:\\\/\\\/masmotor.es\\\/?s={search_term_string}\"},\"query-input\":{\"@type\":\"PropertyValueSpecification\",\"valueRequired\":true,\"valueName\":\"search_term_string\"}}],\"inLanguage\":\"en-GB\"},{\"@type\":\"Organization\",\"@id\":\"https:\\\/\\\/masmotor.es\\\/#organization\",\"name\":\"MasMotor\",\"url\":\"https:\\\/\\\/masmotor.es\\\/\",\"logo\":{\"@type\":\"ImageObject\",\"inLanguage\":\"en-GB\",\"@id\":\"https:\\\/\\\/masmotor.es\\\/#\\\/schema\\\/logo\\\/image\\\/\",\"url\":\"https:\\\/\\\/masmotor.es\\\/wp-content\\\/uploads\\\/logo_masmotor.png\",\"contentUrl\":\"https:\\\/\\\/masmotor.es\\\/wp-content\\\/uploads\\\/logo_masmotor.png\",\"width\":250,\"height\":257,\"caption\":\"MasMotor\"},\"image\":{\"@id\":\"https:\\\/\\\/masmotor.es\\\/#\\\/schema\\\/logo\\\/image\\\/\"}}]}<\/script>\n<!-- \/ Yoast SEO plugin. -->","yoast_head_json":{"title":"Alquiler y suscripci\u00f3n de coches en Canarias","description":"Alquiler y suscripci\u00f3n de coches en Canarias. Elige fecha y reserva el veh\u00edculo que mejor se adapte a ti en muy pocos pasos o suscr\u00edbete.","robots":{"index":"index","follow":"follow","max-snippet":"max-snippet:-1","max-image-preview":"max-image-preview:large","max-video-preview":"max-video-preview:-1"},"canonical":"https:\/\/masmotor.es\/en\/","og_locale":"en_GB","og_type":"article","og_title":"Alquiler y suscripci\u00f3n de coches en Canarias","og_description":"Alquiler y suscripci\u00f3n de coches en Canarias. Elige fecha y reserva el veh\u00edculo que mejor se adapte a ti en muy pocos pasos o suscr\u00edbete.","og_url":"https:\/\/masmotor.es\/en\/","og_site_name":"MasMotor","article_modified_time":"2025-05-13T11:17:40+00:00","og_image":[{"width":250,"height":257,"url":"https:\/\/masmotor.es\/wp-content\/uploads\/logo_masmotor.png","type":"image\/png"}],"twitter_card":"summary_large_image","twitter_misc":{"Estimated reading time":"4 minutes"},"schema":{"@context":"https:\/\/schema.org","@graph":[{"@type":"WebPage","@id":"https:\/\/masmotor.es\/","url":"https:\/\/masmotor.es\/","name":"Alquiler y suscripci\u00f3n de coches en Canarias","isPartOf":{"@id":"https:\/\/masmotor.es\/#website"},"primaryImageOfPage":{"@id":"https:\/\/masmotor.es\/#primaryimage"},"image":{"@id":"https:\/\/masmotor.es\/#primaryimage"},"thumbnailUrl":"https:\/\/masmotor.es\/wp-content\/uploads\/logo_masmotor.png","datePublished":"2023-07-24T14:39:48+00:00","dateModified":"2025-05-13T11:17:40+00:00","description":"Alquiler y suscripci\u00f3n de coches en Canarias. Elige fecha y reserva el veh\u00edculo que mejor se adapte a ti en muy pocos pasos o suscr\u00edbete.","breadcrumb":{"@id":"https:\/\/masmotor.es\/#breadcrumb"},"inLanguage":"en-GB","potentialAction":[{"@type":"ReadAction","target":["https:\/\/masmotor.es\/"]}]},{"@type":"ImageObject","inLanguage":"en-GB","@id":"https:\/\/masmotor.es\/#primaryimage","url":"https:\/\/masmotor.es\/wp-content\/uploads\/logo_masmotor.png","contentUrl":"https:\/\/masmotor.es\/wp-content\/uploads\/logo_masmotor.png","width":250,"height":257,"caption":"Alquiler y suscripci\u00f3n de coches en Islas Canarias"},{"@type":"BreadcrumbList","@id":"https:\/\/masmotor.es\/#breadcrumb","itemListElement":[{"@type":"ListItem","position":1,"name":"Portada","item":"https:\/\/masmotor.es\/"},{"@type":"ListItem","position":2,"name":"Inicio"}]},{"@type":"WebSite","@id":"https:\/\/masmotor.es\/#website","url":"https:\/\/masmotor.es\/","name":"MasMotor","description":"Alquiler y suscripci&oacute;n de coches y motos en Canarias","publisher":{"@id":"https:\/\/masmotor.es\/#organization"},"alternateName":"MasMotor alquiler de coches y motos","potentialAction":[{"@type":"SearchAction","target":{"@type":"EntryPoint","urlTemplate":"https:\/\/masmotor.es\/?s={search_term_string}"},"query-input":{"@type":"PropertyValueSpecification","valueRequired":true,"valueName":"search_term_string"}}],"inLanguage":"en-GB"},{"@type":"Organization","@id":"https:\/\/masmotor.es\/#organization","name":"MasMotor","url":"https:\/\/masmotor.es\/","logo":{"@type":"ImageObject","inLanguage":"en-GB","@id":"https:\/\/masmotor.es\/#\/schema\/logo\/image\/","url":"https:\/\/masmotor.es\/wp-content\/uploads\/logo_masmotor.png","contentUrl":"https:\/\/masmotor.es\/wp-content\/uploads\/logo_masmotor.png","width":250,"height":257,"caption":"MasMotor"},"image":{"@id":"https:\/\/masmotor.es\/#\/schema\/logo\/image\/"}}]}},"_links":{"self":[{"href":"https:\/\/masmotor.es\/en\/wp-json\/wp\/v2\/pages\/9","targetHints":{"allow":["GET"]}}],"collection":[{"href":"https:\/\/masmotor.es\/en\/wp-json\/wp\/v2\/pages"}],"about":[{"href":"https:\/\/masmotor.es\/en\/wp-json\/wp\/v2\/types\/page"}],"author":[{"embeddable":true,"href":"https:\/\/masmotor.es\/en\/wp-json\/wp\/v2\/users\/1"}],"replies":[{"embeddable":true,"href":"https:\/\/masmotor.es\/en\/wp-json\/wp\/v2\/comments?post=9"}],"version-history":[{"count":2,"href":"https:\/\/masmotor.es\/en\/wp-json\/wp\/v2\/pages\/9\/revisions"}],"predecessor-version":[{"id":493,"href":"https:\/\/masmotor.es\/en\/wp-json\/wp\/v2\/pages\/9\/revisions\/493"}],"wp:featuredmedia":[{"embeddable":true,"href":"https:\/\/masmotor.es\/en\/wp-json\/wp\/v2\/media\/12"}],"wp:attachment":[{"href":"https:\/\/masmotor.es\/en\/wp-json\/wp\/v2\/media?parent=9"}],"curies":[{"name":"wp","href":"https:\/\/api.w.org\/{rel}","templated":true}]}}