{"id":20,"date":"2023-07-24T16:45:00","date_gmt":"2023-07-24T14:45:00","guid":{"rendered":"https:\/\/masmotor.es?page_id=20"},"modified":"2023-09-08T09:28:15","modified_gmt":"2023-09-08T07:28:15","slug":"reservar","status":"publish","type":"page","link":"https:\/\/masmotor.es\/en\/reservar\/","title":{"rendered":"Rent"},"content":{"rendered":"","protected":false},"excerpt":{"rendered":"","protected":false},"author":1,"featured_media":80,"parent":0,"menu_order":4,"comment_status":"closed","ping_status":"closed","template":"","meta":{"footnotes":""},"class_list":["post-20","page","type-page","status-publish","has-post-thumbnail","hentry"],"yoast_head":"<!-- This site is optimized with the Yoast SEO plugin v27.5 - https:\/\/yoast.com\/product\/yoast-seo-wordpress\/ -->\n<title>Reservar - MasMotor<\/title>\n<meta name=\"description\" content=\"Elige tu veh\u00edculo o fechas preferidas y res\u00e9rvalo en pocos pasos, si eres cliente nuevo podr\u00e1s registrarte durante el proceso.\" \/>\n<meta name=\"robots\" content=\"index, follow, max-snippet:-1, max-image-preview:large, max-video-preview:-1\" \/>\n<link rel=\"canonical\" href=\"https:\/\/masmotor.es\/en\/reservar\/\" \/>\n<meta property=\"og:locale\" content=\"en_GB\" \/>\n<meta property=\"og:type\" content=\"article\" \/>\n<meta property=\"og:title\" content=\"Reservar - MasMotor\" \/>\n<meta property=\"og:description\" content=\"Elige tu veh\u00edculo o fechas preferidas y res\u00e9rvalo en pocos pasos, si eres cliente nuevo podr\u00e1s registrarte durante el proceso.\" \/>\n<meta property=\"og:url\" content=\"https:\/\/masmotor.es\/en\/reservar\/\" \/>\n<meta property=\"og:site_name\" content=\"MasMotor\" \/>\n<meta property=\"article:modified_time\" content=\"2023-09-08T07:28:15+00:00\" \/>\n<meta property=\"og:image\" content=\"https:\/\/masmotor.es\/wp-content\/uploads\/comofunciona_masmotor-scaled.jpg\" \/>\n\t<meta property=\"og:image:width\" content=\"2560\" \/>\n\t<meta property=\"og:image:height\" content=\"1268\" \/>\n\t<meta property=\"og:image:type\" content=\"image\/jpeg\" \/>\n<meta name=\"twitter:card\" content=\"summary_large_image\" \/>\n<script type=\"application\/ld+json\" class=\"yoast-schema-graph\">{\"@context\":\"https:\\\/\\\/schema.org\",\"@graph\":[{\"@type\":\"WebPage\",\"@id\":\"https:\\\/\\\/masmotor.es\\\/reservar\\\/\",\"url\":\"https:\\\/\\\/masmotor.es\\\/reservar\\\/\",\"name\":\"Reservar - MasMotor\",\"isPartOf\":{\"@id\":\"https:\\\/\\\/masmotor.es\\\/#website\"},\"primaryImageOfPage\":{\"@id\":\"https:\\\/\\\/masmotor.es\\\/reservar\\\/#primaryimage\"},\"image\":{\"@id\":\"https:\\\/\\\/masmotor.es\\\/reservar\\\/#primaryimage\"},\"thumbnailUrl\":\"https:\\\/\\\/masmotor.es\\\/wp-content\\\/uploads\\\/comofunciona_masmotor-scaled.jpg\",\"datePublished\":\"2023-07-24T14:45:00+00:00\",\"dateModified\":\"2023-09-08T07:28:15+00:00\",\"description\":\"Elige tu veh\u00edculo o fechas preferidas y res\u00e9rvalo en pocos pasos, si eres cliente nuevo podr\u00e1s registrarte durante el proceso.\",\"breadcrumb\":{\"@id\":\"https:\\\/\\\/masmotor.es\\\/reservar\\\/#breadcrumb\"},\"inLanguage\":\"en-GB\",\"potentialAction\":[{\"@type\":\"ReadAction\",\"target\":[\"https:\\\/\\\/masmotor.es\\\/reservar\\\/\"]}]},{\"@type\":\"ImageObject\",\"inLanguage\":\"en-GB\",\"@id\":\"https:\\\/\\\/masmotor.es\\\/reservar\\\/#primaryimage\",\"url\":\"https:\\\/\\\/masmotor.es\\\/wp-content\\\/uploads\\\/comofunciona_masmotor-scaled.jpg\",\"contentUrl\":\"https:\\\/\\\/masmotor.es\\\/wp-content\\\/uploads\\\/comofunciona_masmotor-scaled.jpg\",\"width\":2560,\"height\":1268},{\"@type\":\"BreadcrumbList\",\"@id\":\"https:\\\/\\\/masmotor.es\\\/reservar\\\/#breadcrumb\",\"itemListElement\":[{\"@type\":\"ListItem\",\"position\":1,\"name\":\"Portada\",\"item\":\"https:\\\/\\\/masmotor.es\\\/\"},{\"@type\":\"ListItem\",\"position\":2,\"name\":\"Reservar\"}]},{\"@type\":\"WebSite\",\"@id\":\"https:\\\/\\\/masmotor.es\\\/#website\",\"url\":\"https:\\\/\\\/masmotor.es\\\/\",\"name\":\"MasMotor\",\"description\":\"Alquiler y suscripci&oacute;n de coches y motos en Canarias\",\"publisher\":{\"@id\":\"https:\\\/\\\/masmotor.es\\\/#organization\"},\"alternateName\":\"MasMotor alquiler de coches y motos\",\"potentialAction\":[{\"@type\":\"SearchAction\",\"target\":{\"@type\":\"EntryPoint\",\"urlTemplate\":\"https:\\\/\\\/masmotor.es\\\/?s={search_term_string}\"},\"query-input\":{\"@type\":\"PropertyValueSpecification\",\"valueRequired\":true,\"valueName\":\"search_term_string\"}}],\"inLanguage\":\"en-GB\"},{\"@type\":\"Organization\",\"@id\":\"https:\\\/\\\/masmotor.es\\\/#organization\",\"name\":\"MasMotor\",\"url\":\"https:\\\/\\\/masmotor.es\\\/\",\"logo\":{\"@type\":\"ImageObject\",\"inLanguage\":\"en-GB\",\"@id\":\"https:\\\/\\\/masmotor.es\\\/#\\\/schema\\\/logo\\\/image\\\/\",\"url\":\"https:\\\/\\\/masmotor.es\\\/wp-content\\\/uploads\\\/logo_masmotor.png\",\"contentUrl\":\"https:\\\/\\\/masmotor.es\\\/wp-content\\\/uploads\\\/logo_masmotor.png\",\"width\":250,\"height\":257,\"caption\":\"MasMotor\"},\"image\":{\"@id\":\"https:\\\/\\\/masmotor.es\\\/#\\\/schema\\\/logo\\\/image\\\/\"}}]}<\/script>\n<!-- \/ Yoast SEO plugin. -->","yoast_head_json":{"title":"Reservar - MasMotor","description":"Elige tu veh\u00edculo o fechas preferidas y res\u00e9rvalo en pocos pasos, si eres cliente nuevo podr\u00e1s registrarte durante el proceso.","robots":{"index":"index","follow":"follow","max-snippet":"max-snippet:-1","max-image-preview":"max-image-preview:large","max-video-preview":"max-video-preview:-1"},"canonical":"https:\/\/masmotor.es\/en\/reservar\/","og_locale":"en_GB","og_type":"article","og_title":"Reservar - MasMotor","og_description":"Elige tu veh\u00edculo o fechas preferidas y res\u00e9rvalo en pocos pasos, si eres cliente nuevo podr\u00e1s registrarte durante el proceso.","og_url":"https:\/\/masmotor.es\/en\/reservar\/","og_site_name":"MasMotor","article_modified_time":"2023-09-08T07:28:15+00:00","og_image":[{"width":2560,"height":1268,"url":"https:\/\/masmotor.es\/wp-content\/uploads\/comofunciona_masmotor-scaled.jpg","type":"image\/jpeg"}],"twitter_card":"summary_large_image","schema":{"@context":"https:\/\/schema.org","@graph":[{"@type":"WebPage","@id":"https:\/\/masmotor.es\/reservar\/","url":"https:\/\/masmotor.es\/reservar\/","name":"Reservar - MasMotor","isPartOf":{"@id":"https:\/\/masmotor.es\/#website"},"primaryImageOfPage":{"@id":"https:\/\/masmotor.es\/reservar\/#primaryimage"},"image":{"@id":"https:\/\/masmotor.es\/reservar\/#primaryimage"},"thumbnailUrl":"https:\/\/masmotor.es\/wp-content\/uploads\/comofunciona_masmotor-scaled.jpg","datePublished":"2023-07-24T14:45:00+00:00","dateModified":"2023-09-08T07:28:15+00:00","description":"Elige tu veh\u00edculo o fechas preferidas y res\u00e9rvalo en pocos pasos, si eres cliente nuevo podr\u00e1s registrarte durante el proceso.","breadcrumb":{"@id":"https:\/\/masmotor.es\/reservar\/#breadcrumb"},"inLanguage":"en-GB","potentialAction":[{"@type":"ReadAction","target":["https:\/\/masmotor.es\/reservar\/"]}]},{"@type":"ImageObject","inLanguage":"en-GB","@id":"https:\/\/masmotor.es\/reservar\/#primaryimage","url":"https:\/\/masmotor.es\/wp-content\/uploads\/comofunciona_masmotor-scaled.jpg","contentUrl":"https:\/\/masmotor.es\/wp-content\/uploads\/comofunciona_masmotor-scaled.jpg","width":2560,"height":1268},{"@type":"BreadcrumbList","@id":"https:\/\/masmotor.es\/reservar\/#breadcrumb","itemListElement":[{"@type":"ListItem","position":1,"name":"Portada","item":"https:\/\/masmotor.es\/"},{"@type":"ListItem","position":2,"name":"Reservar"}]},{"@type":"WebSite","@id":"https:\/\/masmotor.es\/#website","url":"https:\/\/masmotor.es\/","name":"MasMotor","description":"Alquiler y suscripci&oacute;n de coches y motos en Canarias","publisher":{"@id":"https:\/\/masmotor.es\/#organization"},"alternateName":"MasMotor alquiler de coches y motos","potentialAction":[{"@type":"SearchAction","target":{"@type":"EntryPoint","urlTemplate":"https:\/\/masmotor.es\/?s={search_term_string}"},"query-input":{"@type":"PropertyValueSpecification","valueRequired":true,"valueName":"search_term_string"}}],"inLanguage":"en-GB"},{"@type":"Organization","@id":"https:\/\/masmotor.es\/#organization","name":"MasMotor","url":"https:\/\/masmotor.es\/","logo":{"@type":"ImageObject","inLanguage":"en-GB","@id":"https:\/\/masmotor.es\/#\/schema\/logo\/image\/","url":"https:\/\/masmotor.es\/wp-content\/uploads\/logo_masmotor.png","contentUrl":"https:\/\/masmotor.es\/wp-content\/uploads\/logo_masmotor.png","width":250,"height":257,"caption":"MasMotor"},"image":{"@id":"https:\/\/masmotor.es\/#\/schema\/logo\/image\/"}}]}},"_links":{"self":[{"href":"https:\/\/masmotor.es\/en\/wp-json\/wp\/v2\/pages\/20","targetHints":{"allow":["GET"]}}],"collection":[{"href":"https:\/\/masmotor.es\/en\/wp-json\/wp\/v2\/pages"}],"about":[{"href":"https:\/\/masmotor.es\/en\/wp-json\/wp\/v2\/types\/page"}],"author":[{"embeddable":true,"href":"https:\/\/masmotor.es\/en\/wp-json\/wp\/v2\/users\/1"}],"replies":[{"embeddable":true,"href":"https:\/\/masmotor.es\/en\/wp-json\/wp\/v2\/comments?post=20"}],"version-history":[{"count":0,"href":"https:\/\/masmotor.es\/en\/wp-json\/wp\/v2\/pages\/20\/revisions"}],"wp:featuredmedia":[{"embeddable":true,"href":"https:\/\/masmotor.es\/en\/wp-json\/wp\/v2\/media\/80"}],"wp:attachment":[{"href":"https:\/\/masmotor.es\/en\/wp-json\/wp\/v2\/media?parent=20"}],"curies":[{"name":"wp","href":"https:\/\/api.w.org\/{rel}","templated":true}]}}